{"id":2,"date":"2009-04-26T14:59:45","date_gmt":"2009-04-26T11:59:45","guid":{"rendered":"http:\/\/burmanintk.fi\/~pia\/wpblogi\/?page_id=2"},"modified":"2009-04-26T14:59:45","modified_gmt":"2009-04-26T11:59:45","slug":"tietoja","status":"publish","type":"page","link":"https:\/\/burmanintk.fi\/blogit\/almamaria\/?page_id=2","title":{"rendered":"Tietoja"},"content":{"rendered":"<p>T\u00e4m\u00e4 on esimerkki WordPressin sivuista. Voit kertoa t\u00e4ll\u00e4 sivulla lis\u00e4\u00e4 itsest\u00e4si tai sivustostasi, jotta lukijasi voivat tutustua sinuun ja tavoitteisiisi. Voit luoda rajattomasti sivuja ja alisivuja ja hallita sivustosi kaikkea sis\u00e4lt\u00f6\u00e4 WordPressin avulla.<\/p>\n","protected":false},"excerpt":{"rendered":"<p>T\u00e4m\u00e4 on esimerkki WordPressin sivuista. Voit kertoa t\u00e4ll\u00e4 sivulla lis\u00e4\u00e4 itsest\u00e4si tai sivustostasi, jotta lukijasi voivat tutustua sinuun ja tavoitteisiisi. Voit luoda rajattomasti sivuja ja alisivuja ja hallita sivustosi kaikkea sis\u00e4lt\u00f6\u00e4 WordPressin avulla.<\/p>\n","protected":false},"author":1,"featured_media":0,"parent":0,"menu_order":0,"comment_status":"open","ping_status":"open","template":"","meta":{"footnotes":""},"class_list":["post-2","page","type-page","status-publish","hentry"],"_links":{"self":[{"href":"https:\/\/burmanintk.fi\/blogit\/almamaria\/index.php?rest_route=\/wp\/v2\/pages\/2","targetHints":{"allow":["GET"]}}],"collection":[{"href":"https:\/\/burmanintk.fi\/blogit\/almamaria\/index.php?rest_route=\/wp\/v2\/pages"}],"about":[{"href":"https:\/\/burmanintk.fi\/blogit\/almamaria\/index.php?rest_route=\/wp\/v2\/types\/page"}],"author":[{"embeddable":true,"href":"https:\/\/burmanintk.fi\/blogit\/almamaria\/index.php?rest_route=\/wp\/v2\/users\/1"}],"replies":[{"embeddable":true,"href":"https:\/\/burmanintk.fi\/blogit\/almamaria\/index.php?rest_route=%2Fwp%2Fv2%2Fcomments&post=2"}],"version-history":[{"count":0,"href":"https:\/\/burmanintk.fi\/blogit\/almamaria\/index.php?rest_route=\/wp\/v2\/pages\/2\/revisions"}],"wp:attachment":[{"href":"https:\/\/burmanintk.fi\/blogit\/almamaria\/index.php?rest_route=%2Fwp%2Fv2%2Fmedia&parent=2"}],"curies":[{"name":"wp","href":"https:\/\/api.w.org\/{rel}","templated":true}]}}